{"id":2,"date":"2015-03-06T20:49:30","date_gmt":"2015-03-06T20:49:30","guid":{"rendered":"http:\/\/gartenglueck-chemnitz.de\/?page_id=2"},"modified":"2020-12-20T13:10:18","modified_gmt":"2020-12-20T12:10:18","slug":"sample-page","status":"publish","type":"page","link":"https:\/\/gartenglueck-chemnitz.de\/?page_id=2","title":{"rendered":"Impressum"},"content":{"rendered":"<p>Herausgegeben von:<\/p>\n<p>Kleingartenverein Gartengl\u00fcck e.V.<br \/>Irkutsker Str. 289<br \/>09119 Chemnitz<\/p>\n<p>Telefon:\u00a0\u00a0\u00a0\u00a0\u00a0 0371 25625970<br \/>Mobil:\u00a0\u00a0\u00a0\u00a0\u00a0\u00a0\u00a0\u00a0 0172 7979256<br \/>eMail:\u00a0\u00a0\u00a0\u00a0\u00a0\u00a0\u00a0\u00a0 u.weiss1903@gmail.com<\/p>\n<p>Vorstandsvorsitzender: Ulrich Wei\u00df<br \/>Vereinsregister: Amtsgericht Chemnitz Nr. 345<br \/>www.gartenglueck-chemnitz.de<\/p>\n<p><strong>Datenschutzerkl\u00e4rung<\/strong><\/p>\n<p>Von den Vereinsmitgliedern erhobenen und freiwillig gegebenen Daten der Vereinsanmeldung (Name, Anschrift, Kontaktdaten, Mitgliedsbeitr\u00e4ge) werden in einer eigenen Vereinssoftware elektronisch<br \/>passwortgesch\u00fctzt gespeichert und gesichert. PC und Sicherung sowie alle schriftlichen Dokumente befinden sind in einem verschlossenen Objekt. Der Zugang zu den Daten ist nur dem Vorstand m\u00f6glich. Die Daten dienen lediglich zur Kontaktaufnahme und zur Informationsgebung der Vorstand- und Vereinsarbeit. Die L\u00f6schung der Daten erfolgt nach Ablauf gesetzlicher Aufbewahrungspflichten.<\/p>\n<p><strong>Internetbesucher<\/strong><\/p>\n<p>Vom Verein werden keine personenbezogenen Daten \u00fcber den Webseitenbesuch erhoben. Lediglich anonyme statistische Zugriffszahlen stehen dem Verein zur Verf\u00fcgung. Die Webseite wird mit WordPress als Content Management System betrieben. Es werden daf\u00fcr Cookies ben\u00f6tigt. N\u00e4here Informationen finden Sie hier &#8230;<a href=\"https:\/\/de.support.wordpress.com\/cookies\/\" target=\"_blank\" rel=\"noopener noreferrer\">https:\/\/de.support.wordpress.com\/cookies\/<\/a><br \/>Da wir keinen Benutzerbereich haben, keine Analysewerkzeuge sowie Werbung schalten werden von uns auch keine Daten ausgewertet oder erhoben.<\/p>\n<p><strong>Bilder<\/strong><\/p>\n<p>Fotomaterial (mit Gesichtserkennung) auf vom Verein betriebenen Webseiten sind nur von \u00f6ffentlichen Veranstaltungen und Eins\u00e4tzen oder mit ausdr\u00fccklicher Genehmigung der betroffenen Personen. Sollten Sie trotzdem auf eine Bilder ohne Genehmigung aufmerksam werden, bitten wir<br \/>um einen entsprechenden Hinweis. Bei Bekanntwerden von Rechtsverletzungen werden wir derartige Inhalte umgehend entfernen.<\/p>\n<p><strong>Datenschutzbeauftragter<\/strong><\/p>\n<p>Auf Grund der geringen Zugriffsberechtigung auf Vereinsdaten ist ein Beauftragter nicht n\u00f6tig. Fragen zum Thema beantwortet der Vorstand gern.<\/p>\n<p>&#8212;&#8212;&#8212;&#8212;&#8212;&#8212;&#8212;&#8212;&#8212;&#8212;&#8212;&#8212;&#8212;&#8212;&#8212;&#8212;&#8212;&#8212;&#8212;&#8212;&#8212;-<\/p>\n<p>Bei der Erstellung der Webseite und deren Inhalt wurde mit gr\u00f6\u00dfter Sorgfalt vorgegangen. F\u00fcr fehlerhafte Angaben und deren Folgen \u00fcbernehmen wir keinerlei Haftung.<\/p>\n<p>F\u00fcr Verbesserungsvorschl\u00e4ge und Hinweise sind wir dankbar.<\/p>\n<p>Die Urheberrechte aller Fotos dieser Webseite liegen beim Kleingartenverein und bed\u00fcrfen bei Nutzung der Genehmigung.<\/p>\n<p>Wir m\u00f6chten ausdr\u00fccklich betonen, da\u00df wir keinerlei Einflu\u00df auf die Gestaltung und die Inhalte von verlinkten Seiten haben. Deshalb distanzieren wir uns hiermit ausdr\u00fccklich von allen Inhalten aller gelinkten Seiten und machen uns diese nicht zu Eigen.<\/p>\n\n\n<p><\/p>\n","protected":false},"excerpt":{"rendered":"<p>Herausgegeben von: Kleingartenverein Gartengl\u00fcck e.V.Irkutsker Str. 28909119 Chemnitz Telefon:\u00a0\u00a0\u00a0\u00a0\u00a0 0371 25625970Mobil:\u00a0\u00a0\u00a0\u00a0\u00a0\u00a0\u00a0\u00a0 0172 7979256eMail:\u00a0\u00a0\u00a0\u00a0\u00a0\u00a0\u00a0\u00a0 u.weiss1903@gmail.com Vorstandsvorsitzender: Ulrich Wei\u00dfVereinsregister: Amtsgericht Chemnitz Nr. 345www.gartenglueck-chemnitz.de Datenschutzerkl\u00e4rung Von den Vereinsmitgliedern erhobenen und freiwillig gegebenen Daten der Vereinsanmeldung (Name, Anschrift, Kontaktdaten, Mitgliedsbeitr\u00e4ge) werden in einer eigenen Vereinssoftware elektronischpasswortgesch\u00fctzt gespeichert und gesichert. PC und Sicherung sowie alle schriftlichen Dokumente befinden sind in [&hellip;]<\/p>\n","protected":false},"author":5,"featured_media":0,"parent":0,"menu_order":0,"comment_status":"closed","ping_status":"closed","template":"","meta":{"footnotes":""},"class_list":["post-2","page","type-page","status-publish","hentry"],"_links":{"self":[{"href":"https:\/\/gartenglueck-chemnitz.de\/index.php?rest_route=\/wp\/v2\/pages\/2","targetHints":{"allow":["GET"]}}],"collection":[{"href":"https:\/\/gartenglueck-chemnitz.de\/index.php?rest_route=\/wp\/v2\/pages"}],"about":[{"href":"https:\/\/gartenglueck-chemnitz.de\/index.php?rest_route=\/wp\/v2\/types\/page"}],"author":[{"embeddable":true,"href":"https:\/\/gartenglueck-chemnitz.de\/index.php?rest_route=\/wp\/v2\/users\/5"}],"replies":[{"embeddable":true,"href":"https:\/\/gartenglueck-chemnitz.de\/index.php?rest_route=%2Fwp%2Fv2%2Fcomments&post=2"}],"version-history":[{"count":9,"href":"https:\/\/gartenglueck-chemnitz.de\/index.php?rest_route=\/wp\/v2\/pages\/2\/revisions"}],"predecessor-version":[{"id":407,"href":"https:\/\/gartenglueck-chemnitz.de\/index.php?rest_route=\/wp\/v2\/pages\/2\/revisions\/407"}],"wp:attachment":[{"href":"https:\/\/gartenglueck-chemnitz.de\/index.php?rest_route=%2Fwp%2Fv2%2Fmedia&parent=2"}],"curies":[{"name":"wp","href":"https:\/\/api.w.org\/{rel}","templated":true}]}}